{"id":9492,"date":"2022-02-06T04:46:40","date_gmt":"2022-02-06T04:46:40","guid":{"rendered":"https:\/\/indet-a-a-b-a1.c.wetopi.com\/portfoy"},"modified":"2025-10-06T13:57:56","modified_gmt":"2025-10-06T13:57:56","slug":"portfoy","status":"publish","type":"page","link":"https:\/\/indetgroup.com\/tr\/portfoy","title":{"rendered":"Portf\u00f6y"},"content":{"rendered":"\t\t<div data-elementor-type=\"wp-page\" data-elementor-id=\"9492\" class=\"elementor elementor-9492 elementor-1633\" data-elementor-post-type=\"page\">\n\t\t\t\t\t\t<section class=\"elementor-section elementor-top-section elementor-element elementor-element-1762c90 elementor-section-stretched elementor-section-boxed elementor-section-height-default elementor-section-height-default\" data-id=\"1762c90\" data-element_type=\"section\" data-e-type=\"section\" data-settings=\"{&quot;stretch_section&quot;:&quot;section-stretched&quot;,&quot;background_background&quot;:&quot;classic&quot;,&quot;jet_parallax_layout_list&quot;:[]}\">\n\t\t\t\t\t\t<div class=\"elementor-container elementor-column-gap-default\">\n\t\t\t\t\t<div class=\"elementor-column elementor-col-100 elementor-top-column elementor-element elementor-element-5066ad6\" data-id=\"5066ad6\" data-element_type=\"column\" data-e-type=\"column\">\n\t\t\t<div class=\"elementor-widget-wrap elementor-element-populated\">\n\t\t\t\t\t\t<div class=\"elementor-element elementor-element-1a470eb elementor-widget elementor-widget-heading\" data-id=\"1a470eb\" data-element_type=\"widget\" data-e-type=\"widget\" data-widget_type=\"heading.default\">\n\t\t\t\t<div class=\"elementor-widget-container\">\n\t\t\t\t\t<h2 class=\"elementor-heading-title elementor-size-default\">Portf\u00f6y<\/h2>\t\t\t\t<\/div>\n\t\t\t\t<\/div>\n\t\t\t\t\t<\/div>\n\t\t<\/div>\n\t\t\t\t\t<\/div>\n\t\t<\/section>\n\t\t\t\t<section class=\"elementor-section elementor-top-section elementor-element elementor-element-ce78103 elementor-section-stretched elementor-section-boxed elementor-section-height-default elementor-section-height-default\" data-id=\"ce78103\" data-element_type=\"section\" data-e-type=\"section\" data-settings=\"{&quot;jet_parallax_layout_list&quot;:[],&quot;stretch_section&quot;:&quot;section-stretched&quot;}\">\n\t\t\t\t\t\t<div class=\"elementor-container elementor-column-gap-default\">\n\t\t\t\t\t<div class=\"elementor-column elementor-col-100 elementor-top-column elementor-element elementor-element-5777468\" data-id=\"5777468\" data-element_type=\"column\" data-e-type=\"column\">\n\t\t\t<div class=\"elementor-widget-wrap elementor-element-populated\">\n\t\t\t\t\t\t<div class=\"elementor-element elementor-element-061f9f3 elementor-widget elementor-widget-jet-portfolio\" data-id=\"061f9f3\" data-element_type=\"widget\" data-e-type=\"widget\" data-settings=\"{&quot;columns_mobile&quot;:&quot;1&quot;,&quot;columns&quot;:3}\" data-widget_type=\"jet-portfolio.default\">\n\t\t\t\t<div class=\"elementor-widget-container\">\n\t\t\t\t\t<div class=\"elementor-jet-portfolio jet-elements\">\n<div class=\"jet-portfolio layout-type-masonry preset-type-4 layout-desktop-column-3  layout-mobile-column-1\" data-settings=\"{&quot;layoutType&quot;:&quot;masonry&quot;,&quot;perPage&quot;:6}\"><div class=\"jet-portfolio__filter\"><div class=\"jet-portfolio__filter-list\"><div class=\"jet-portfolio__filter-item active\" data-slug=\"all\"><span>F\u0130LTRE ET:<\/span><\/div><div class=\"jet-portfolio__filter-item\" data-slug=\"marka-etiketleri\"><span>Marka etiketleri<\/span><\/div><\/div><\/div><div class=\"jet-portfolio__list\"><article class=\"jet-portfolio__item visible-status\" data-slug=\"{&quot;0&quot;:&quot;all&quot;,&quot;1&quot;:&quot;marka-etiketleri&quot;}\">\n\t<div class=\"jet-portfolio__inner \">\n\t\t<a class=\"jet-portfolio__link \" target=\"\" rel=\"\" href=\"\">\n\t\t\t<div class=\"jet-portfolio__image\">\n\t\t\t\t<img loading=\"lazy\" decoding=\"async\" class=\"jet-portfolio__image-instance\" src=\"https:\/\/indetgroup.com\/wp-content\/uploads\/2022\/02\/grain-de-malice.jpg\" width=\"507\" height=\"692\"  alt=\"grain-de-malice\" loading=\"lazy\">\t\t\t\t<div class=\"jet-portfolio__image-loader\"><span><\/span><\/div>\n\t\t\t<\/div>\n\t\t<\/a>\n\t\t<div class=\"jet-portfolio__content\">\n\t\t\t<div class=\"jet-portfolio__content-inner\"><h4 class=\"jet-portfolio__title\">Grain de Malice<\/h4><h6 class=\"jet-portfolio__category\">Marka etiketleri<\/h6><\/div>\n\t\t<\/div>\n\t<\/div>\n<\/article><article class=\"jet-portfolio__item visible-status\" data-slug=\"{&quot;0&quot;:&quot;all&quot;,&quot;1&quot;:&quot;marka-etiketleri&quot;}\">\n\t<div class=\"jet-portfolio__inner \">\n\t\t<a class=\"jet-portfolio__link \" target=\"\" rel=\"\" href=\"\">\n\t\t\t<div class=\"jet-portfolio__image\">\n\t\t\t\t<img loading=\"lazy\" decoding=\"async\" class=\"jet-portfolio__image-instance\" src=\"https:\/\/indetgroup.com\/wp-content\/uploads\/2022\/02\/adresse.jpg\" width=\"507\" height=\"692\"  alt=\"adresse\" loading=\"lazy\">\t\t\t\t<div class=\"jet-portfolio__image-loader\"><span><\/span><\/div>\n\t\t\t<\/div>\n\t\t<\/a>\n\t\t<div class=\"jet-portfolio__content\">\n\t\t\t<div class=\"jet-portfolio__content-inner\"><h4 class=\"jet-portfolio__title\">Adres<\/h4><h6 class=\"jet-portfolio__category\">Marka etiketleri<\/h6><\/div>\n\t\t<\/div>\n\t<\/div>\n<\/article><article class=\"jet-portfolio__item visible-status\" data-slug=\"{&quot;0&quot;:&quot;all&quot;,&quot;1&quot;:&quot;marka-etiketleri&quot;}\">\n\t<div class=\"jet-portfolio__inner \">\n\t\t<a class=\"jet-portfolio__link \" target=\"\" rel=\"\" href=\"\">\n\t\t\t<div class=\"jet-portfolio__image\">\n\t\t\t\t<img loading=\"lazy\" decoding=\"async\" class=\"jet-portfolio__image-instance\" src=\"https:\/\/indetgroup.com\/wp-content\/uploads\/2022\/02\/Brownie.jpg\" width=\"507\" height=\"692\"  alt=\"Brownie\" loading=\"lazy\">\t\t\t\t<div class=\"jet-portfolio__image-loader\"><span><\/span><\/div>\n\t\t\t<\/div>\n\t\t<\/a>\n\t\t<div class=\"jet-portfolio__content\">\n\t\t\t<div class=\"jet-portfolio__content-inner\"><h4 class=\"jet-portfolio__title\">Brownie<\/h4><h6 class=\"jet-portfolio__category\">Marka etiketleri<\/h6><\/div>\n\t\t<\/div>\n\t<\/div>\n<\/article><article class=\"jet-portfolio__item visible-status\" data-slug=\"{&quot;0&quot;:&quot;all&quot;,&quot;1&quot;:&quot;marka-etiketleri&quot;}\">\n\t<div class=\"jet-portfolio__inner \">\n\t\t<a class=\"jet-portfolio__link \" target=\"\" rel=\"\" href=\"\">\n\t\t\t<div class=\"jet-portfolio__image\">\n\t\t\t\t<img loading=\"lazy\" decoding=\"async\" class=\"jet-portfolio__image-instance\" src=\"https:\/\/indetgroup.com\/wp-content\/uploads\/2022\/02\/BG.jpg\" width=\"507\" height=\"692\"  alt=\"Brownie Gym wear\" loading=\"lazy\">\t\t\t\t<div class=\"jet-portfolio__image-loader\"><span><\/span><\/div>\n\t\t\t<\/div>\n\t\t<\/a>\n\t\t<div class=\"jet-portfolio__content\">\n\t\t\t<div class=\"jet-portfolio__content-inner\"><h4 class=\"jet-portfolio__title\">Brownie Spor K\u0131yafetleri<\/h4><h6 class=\"jet-portfolio__category\">Marka etiketleri<\/h6><\/div>\n\t\t<\/div>\n\t<\/div>\n<\/article><article class=\"jet-portfolio__item visible-status\" data-slug=\"{&quot;0&quot;:&quot;all&quot;,&quot;1&quot;:&quot;marka-etiketleri&quot;}\">\n\t<div class=\"jet-portfolio__inner \">\n\t\t<a class=\"jet-portfolio__link \" target=\"\" rel=\"\" href=\"\">\n\t\t\t<div class=\"jet-portfolio__image\">\n\t\t\t\t<img loading=\"lazy\" decoding=\"async\" class=\"jet-portfolio__image-instance\" src=\"https:\/\/indetgroup.com\/wp-content\/uploads\/2022\/02\/diega_02.jpg\" width=\"507\" height=\"692\"  alt=\"diega_02\" loading=\"lazy\">\t\t\t\t<div class=\"jet-portfolio__image-loader\"><span><\/span><\/div>\n\t\t\t<\/div>\n\t\t<\/a>\n\t\t<div class=\"jet-portfolio__content\">\n\t\t\t<div class=\"jet-portfolio__content-inner\"><h4 class=\"jet-portfolio__title\">Diega<\/h4><h6 class=\"jet-portfolio__category\">Marka etiketleri<\/h6><\/div>\n\t\t<\/div>\n\t<\/div>\n<\/article><article class=\"jet-portfolio__item visible-status\" data-slug=\"{&quot;0&quot;:&quot;all&quot;,&quot;1&quot;:&quot;marka-etiketleri&quot;}\">\n\t<div class=\"jet-portfolio__inner \">\n\t\t<a class=\"jet-portfolio__link \" target=\"\" rel=\"\" href=\"\">\n\t\t\t<div class=\"jet-portfolio__image\">\n\t\t\t\t<img loading=\"lazy\" decoding=\"async\" class=\"jet-portfolio__image-instance\" src=\"https:\/\/indetgroup.com\/wp-content\/uploads\/2022\/05\/diega.jpg\" width=\"507\" height=\"692\"  alt=\"diega\" loading=\"lazy\">\t\t\t\t<div class=\"jet-portfolio__image-loader\"><span><\/span><\/div>\n\t\t\t<\/div>\n\t\t<\/a>\n\t\t<div class=\"jet-portfolio__content\">\n\t\t\t<div class=\"jet-portfolio__content-inner\"><h4 class=\"jet-portfolio__title\">Diega<\/h4><h6 class=\"jet-portfolio__category\">Marka etiketleri<\/h6><\/div>\n\t\t<\/div>\n\t<\/div>\n<\/article><article class=\"jet-portfolio__item hidden-status\" data-slug=\"{&quot;0&quot;:&quot;all&quot;,&quot;1&quot;:&quot;marka-etiketleri&quot;}\">\n\t<div class=\"jet-portfolio__inner \">\n\t\t<a class=\"jet-portfolio__link \" target=\"\" rel=\"\" href=\"\">\n\t\t\t<div class=\"jet-portfolio__image\">\n\t\t\t\t<img loading=\"lazy\" decoding=\"async\" class=\"jet-portfolio__image-instance\" src=\"https:\/\/indetgroup.com\/wp-content\/uploads\/2022\/05\/brownie_02.jpg\" width=\"507\" height=\"692\"  alt=\"brownie_02\" loading=\"lazy\">\t\t\t\t<div class=\"jet-portfolio__image-loader\"><span><\/span><\/div>\n\t\t\t<\/div>\n\t\t<\/a>\n\t\t<div class=\"jet-portfolio__content\">\n\t\t\t<div class=\"jet-portfolio__content-inner\"><h4 class=\"jet-portfolio__title\">Brownie<\/h4><h6 class=\"jet-portfolio__category\">Marka etiketleri<\/h6><\/div>\n\t\t<\/div>\n\t<\/div>\n<\/article><\/div><div class=\"jet-portfolio__view-more hidden-status\"><div class=\"elementor-button elementor-size-md jet-portfolio__view-more-button\">daha fazla \u00fccret<\/div><\/div><\/div>\n<\/div>\t\t\t\t<\/div>\n\t\t\t\t<\/div>\n\t\t\t\t\t<\/div>\n\t\t<\/div>\n\t\t\t\t\t<\/div>\n\t\t<\/section>\n\t\t\t\t<\/div>\n\t\t","protected":false},"excerpt":{"rendered":"<p>Portf\u00f6y F\u0130LTRE ET:Marka etiketleri Grain de Malice Marka etiketleri Adres Marka etiketleri Brownie Marka etiketleri Brownie Spor K\u0131yafetleri Marka etiketleri Diega Marka etiketleri Diega Marka etiketleri Brownie Marka etiketleri daha fazla \u00fccret<\/p>\n","protected":false},"author":2,"featured_media":0,"parent":0,"menu_order":0,"comment_status":"closed","ping_status":"closed","template":"elementor_header_footer","meta":{"footnotes":""},"class_list":{"0":"post-9492","1":"page","2":"type-page","3":"status-publish","5":"no-featured-image-padding"},"yoast_head":"<!-- This site is optimized with the Yoast SEO plugin v27.4 - https:\/\/yoast.com\/product\/yoast-seo-wordpress\/ -->\n<title>Portf\u00f6y - Indet.group.<\/title>\n<meta name=\"robots\" content=\"index, follow, max-snippet:-1, max-image-preview:large, max-video-preview:-1\" \/>\n<link rel=\"canonical\" href=\"https:\/\/indetgroup.com\/tr\/portfoy\" \/>\n<meta property=\"og:locale\" content=\"tr_TR\" \/>\n<meta property=\"og:type\" content=\"article\" \/>\n<meta property=\"og:title\" content=\"Portf\u00f6y - Indet.group.\" \/>\n<meta property=\"og:description\" content=\"Portf\u00f6y F\u0130LTRE ET:Marka etiketleri Grain de Malice Marka etiketleri Adres Marka etiketleri Brownie Marka etiketleri Brownie Spor K\u0131yafetleri Marka etiketleri Diega Marka etiketleri Diega Marka etiketleri Brownie Marka etiketleri daha fazla \u00fccret\" \/>\n<meta property=\"og:url\" content=\"https:\/\/indetgroup.com\/tr\/portfoy\" \/>\n<meta property=\"og:site_name\" content=\"Indet.group.\" \/>\n<meta property=\"article:publisher\" content=\"https:\/\/www.facebook.com\/Indet-Group-104599739020019\" \/>\n<meta property=\"article:modified_time\" content=\"2025-10-06T13:57:56+00:00\" \/>\n<meta property=\"og:image\" content=\"https:\/\/indetgroup.com\/wp-content\/uploads\/2022\/02\/grain-de-malice.jpg\" \/>\n<meta name=\"twitter:card\" content=\"summary_large_image\" \/>\n<script type=\"application\/ld+json\" class=\"yoast-schema-graph\">{\"@context\":\"https:\\\/\\\/schema.org\",\"@graph\":[{\"@type\":[\"Article\",\"BlogPosting\"],\"@id\":\"https:\\\/\\\/indetgroup.com\\\/tr\\\/portfoy#article\",\"isPartOf\":{\"@id\":\"https:\\\/\\\/indetgroup.com\\\/tr\\\/portfoy\"},\"author\":{\"name\":\"dev1@limbic.cat\",\"@id\":\"https:\\\/\\\/indetgroup.com\\\/#\\\/schema\\\/person\\\/17a04ad5969aeb25c6df7d842624f6da\"},\"headline\":\"Portf\u00f6y\",\"datePublished\":\"2022-02-06T04:46:40+00:00\",\"dateModified\":\"2025-10-06T13:57:56+00:00\",\"mainEntityOfPage\":{\"@id\":\"https:\\\/\\\/indetgroup.com\\\/tr\\\/portfoy\"},\"wordCount\":38,\"publisher\":{\"@id\":\"https:\\\/\\\/indetgroup.com\\\/#organization\"},\"image\":{\"@id\":\"https:\\\/\\\/indetgroup.com\\\/tr\\\/portfoy#primaryimage\"},\"thumbnailUrl\":\"https:\\\/\\\/indetgroup.com\\\/wp-content\\\/uploads\\\/2022\\\/02\\\/grain-de-malice.jpg\",\"inLanguage\":\"tr\"},{\"@type\":\"WebPage\",\"@id\":\"https:\\\/\\\/indetgroup.com\\\/tr\\\/portfoy\",\"url\":\"https:\\\/\\\/indetgroup.com\\\/tr\\\/portfoy\",\"name\":\"Portf\u00f6y - Indet.group.\",\"isPartOf\":{\"@id\":\"https:\\\/\\\/indetgroup.com\\\/#website\"},\"primaryImageOfPage\":{\"@id\":\"https:\\\/\\\/indetgroup.com\\\/tr\\\/portfoy#primaryimage\"},\"image\":{\"@id\":\"https:\\\/\\\/indetgroup.com\\\/tr\\\/portfoy#primaryimage\"},\"thumbnailUrl\":\"https:\\\/\\\/indetgroup.com\\\/wp-content\\\/uploads\\\/2022\\\/02\\\/grain-de-malice.jpg\",\"datePublished\":\"2022-02-06T04:46:40+00:00\",\"dateModified\":\"2025-10-06T13:57:56+00:00\",\"breadcrumb\":{\"@id\":\"https:\\\/\\\/indetgroup.com\\\/tr\\\/portfoy#breadcrumb\"},\"inLanguage\":\"tr\",\"potentialAction\":[{\"@type\":\"ReadAction\",\"target\":[\"https:\\\/\\\/indetgroup.com\\\/tr\\\/portfoy\"]}]},{\"@type\":\"ImageObject\",\"inLanguage\":\"tr\",\"@id\":\"https:\\\/\\\/indetgroup.com\\\/tr\\\/portfoy#primaryimage\",\"url\":\"https:\\\/\\\/indetgroup.com\\\/wp-content\\\/uploads\\\/2022\\\/02\\\/grain-de-malice.jpg\",\"contentUrl\":\"https:\\\/\\\/indetgroup.com\\\/wp-content\\\/uploads\\\/2022\\\/02\\\/grain-de-malice.jpg\"},{\"@type\":\"BreadcrumbList\",\"@id\":\"https:\\\/\\\/indetgroup.com\\\/tr\\\/portfoy#breadcrumb\",\"itemListElement\":[{\"@type\":\"ListItem\",\"position\":1,\"name\":\"Portada\",\"item\":\"https:\\\/\\\/indetgroup.com\\\/tr\"},{\"@type\":\"ListItem\",\"position\":2,\"name\":\"Portf\u00f6y\"}]},{\"@type\":\"WebSite\",\"@id\":\"https:\\\/\\\/indetgroup.com\\\/#website\",\"url\":\"https:\\\/\\\/indetgroup.com\\\/\",\"name\":\"Indet.group\",\"description\":\"\",\"publisher\":{\"@id\":\"https:\\\/\\\/indetgroup.com\\\/#organization\"},\"potentialAction\":[{\"@type\":\"SearchAction\",\"target\":{\"@type\":\"EntryPoint\",\"urlTemplate\":\"https:\\\/\\\/indetgroup.com\\\/?s={search_term_string}\"},\"query-input\":{\"@type\":\"PropertyValueSpecification\",\"valueRequired\":true,\"valueName\":\"search_term_string\"}}],\"inLanguage\":\"tr\"},{\"@type\":\"Organization\",\"@id\":\"https:\\\/\\\/indetgroup.com\\\/#organization\",\"name\":\"Indet.group\",\"url\":\"https:\\\/\\\/indetgroup.com\\\/\",\"logo\":{\"@type\":\"ImageObject\",\"inLanguage\":\"tr\",\"@id\":\"https:\\\/\\\/indetgroup.com\\\/#\\\/schema\\\/logo\\\/image\\\/\",\"url\":\"https:\\\/\\\/indetgroup.com\\\/wp-content\\\/uploads\\\/2022\\\/01\\\/LOGO-IDT-BY-INTER-GROUP.svg\",\"contentUrl\":\"https:\\\/\\\/indetgroup.com\\\/wp-content\\\/uploads\\\/2022\\\/01\\\/LOGO-IDT-BY-INTER-GROUP.svg\",\"width\":448.7,\"height\":239.53,\"caption\":\"Indet.group\"},\"image\":{\"@id\":\"https:\\\/\\\/indetgroup.com\\\/#\\\/schema\\\/logo\\\/image\\\/\"},\"sameAs\":[\"https:\\\/\\\/www.facebook.com\\\/Indet-Group-104599739020019\",\"https:\\\/\\\/www.linkedin.com\\\/company\\\/diseo-e-impresin-indet\\\/\",\"https:\\\/\\\/www.instagram.com\\\/indetgroup\\\/\",\"https:\\\/\\\/www.pinterest.es\\\/indetbcn\\\/_created\\\/\"]},{\"@type\":\"Person\",\"@id\":\"https:\\\/\\\/indetgroup.com\\\/#\\\/schema\\\/person\\\/17a04ad5969aeb25c6df7d842624f6da\",\"name\":\"dev1@limbic.cat\",\"image\":{\"@type\":\"ImageObject\",\"inLanguage\":\"tr\",\"@id\":\"https:\\\/\\\/secure.gravatar.com\\\/avatar\\\/d6d148f4a35fc3af4b4f98eb87ceeca8cf164fae99f5e1199f141e38ee120b90?s=96&d=mm&r=g\",\"url\":\"https:\\\/\\\/secure.gravatar.com\\\/avatar\\\/d6d148f4a35fc3af4b4f98eb87ceeca8cf164fae99f5e1199f141e38ee120b90?s=96&d=mm&r=g\",\"contentUrl\":\"https:\\\/\\\/secure.gravatar.com\\\/avatar\\\/d6d148f4a35fc3af4b4f98eb87ceeca8cf164fae99f5e1199f141e38ee120b90?s=96&d=mm&r=g\",\"caption\":\"dev1@limbic.cat\"},\"url\":\"https:\\\/\\\/indetgroup.com\\\/tr\\\/author\\\/dev1limbic-cat\"}]}<\/script>\n<!-- \/ Yoast SEO plugin. -->","yoast_head_json":{"title":"Portf\u00f6y - Indet.group.","robots":{"index":"index","follow":"follow","max-snippet":"max-snippet:-1","max-image-preview":"max-image-preview:large","max-video-preview":"max-video-preview:-1"},"canonical":"https:\/\/indetgroup.com\/tr\/portfoy","og_locale":"tr_TR","og_type":"article","og_title":"Portf\u00f6y - Indet.group.","og_description":"Portf\u00f6y F\u0130LTRE ET:Marka etiketleri Grain de Malice Marka etiketleri Adres Marka etiketleri Brownie Marka etiketleri Brownie Spor K\u0131yafetleri Marka etiketleri Diega Marka etiketleri Diega Marka etiketleri Brownie Marka etiketleri daha fazla \u00fccret","og_url":"https:\/\/indetgroup.com\/tr\/portfoy","og_site_name":"Indet.group.","article_publisher":"https:\/\/www.facebook.com\/Indet-Group-104599739020019","article_modified_time":"2025-10-06T13:57:56+00:00","og_image":[{"url":"https:\/\/indetgroup.com\/wp-content\/uploads\/2022\/02\/grain-de-malice.jpg","type":"","width":"","height":""}],"twitter_card":"summary_large_image","schema":{"@context":"https:\/\/schema.org","@graph":[{"@type":["Article","BlogPosting"],"@id":"https:\/\/indetgroup.com\/tr\/portfoy#article","isPartOf":{"@id":"https:\/\/indetgroup.com\/tr\/portfoy"},"author":{"name":"dev1@limbic.cat","@id":"https:\/\/indetgroup.com\/#\/schema\/person\/17a04ad5969aeb25c6df7d842624f6da"},"headline":"Portf\u00f6y","datePublished":"2022-02-06T04:46:40+00:00","dateModified":"2025-10-06T13:57:56+00:00","mainEntityOfPage":{"@id":"https:\/\/indetgroup.com\/tr\/portfoy"},"wordCount":38,"publisher":{"@id":"https:\/\/indetgroup.com\/#organization"},"image":{"@id":"https:\/\/indetgroup.com\/tr\/portfoy#primaryimage"},"thumbnailUrl":"https:\/\/indetgroup.com\/wp-content\/uploads\/2022\/02\/grain-de-malice.jpg","inLanguage":"tr"},{"@type":"WebPage","@id":"https:\/\/indetgroup.com\/tr\/portfoy","url":"https:\/\/indetgroup.com\/tr\/portfoy","name":"Portf\u00f6y - Indet.group.","isPartOf":{"@id":"https:\/\/indetgroup.com\/#website"},"primaryImageOfPage":{"@id":"https:\/\/indetgroup.com\/tr\/portfoy#primaryimage"},"image":{"@id":"https:\/\/indetgroup.com\/tr\/portfoy#primaryimage"},"thumbnailUrl":"https:\/\/indetgroup.com\/wp-content\/uploads\/2022\/02\/grain-de-malice.jpg","datePublished":"2022-02-06T04:46:40+00:00","dateModified":"2025-10-06T13:57:56+00:00","breadcrumb":{"@id":"https:\/\/indetgroup.com\/tr\/portfoy#breadcrumb"},"inLanguage":"tr","potentialAction":[{"@type":"ReadAction","target":["https:\/\/indetgroup.com\/tr\/portfoy"]}]},{"@type":"ImageObject","inLanguage":"tr","@id":"https:\/\/indetgroup.com\/tr\/portfoy#primaryimage","url":"https:\/\/indetgroup.com\/wp-content\/uploads\/2022\/02\/grain-de-malice.jpg","contentUrl":"https:\/\/indetgroup.com\/wp-content\/uploads\/2022\/02\/grain-de-malice.jpg"},{"@type":"BreadcrumbList","@id":"https:\/\/indetgroup.com\/tr\/portfoy#breadcrumb","itemListElement":[{"@type":"ListItem","position":1,"name":"Portada","item":"https:\/\/indetgroup.com\/tr"},{"@type":"ListItem","position":2,"name":"Portf\u00f6y"}]},{"@type":"WebSite","@id":"https:\/\/indetgroup.com\/#website","url":"https:\/\/indetgroup.com\/","name":"Indet.group","description":"","publisher":{"@id":"https:\/\/indetgroup.com\/#organization"},"potentialAction":[{"@type":"SearchAction","target":{"@type":"EntryPoint","urlTemplate":"https:\/\/indetgroup.com\/?s={search_term_string}"},"query-input":{"@type":"PropertyValueSpecification","valueRequired":true,"valueName":"search_term_string"}}],"inLanguage":"tr"},{"@type":"Organization","@id":"https:\/\/indetgroup.com\/#organization","name":"Indet.group","url":"https:\/\/indetgroup.com\/","logo":{"@type":"ImageObject","inLanguage":"tr","@id":"https:\/\/indetgroup.com\/#\/schema\/logo\/image\/","url":"https:\/\/indetgroup.com\/wp-content\/uploads\/2022\/01\/LOGO-IDT-BY-INTER-GROUP.svg","contentUrl":"https:\/\/indetgroup.com\/wp-content\/uploads\/2022\/01\/LOGO-IDT-BY-INTER-GROUP.svg","width":448.7,"height":239.53,"caption":"Indet.group"},"image":{"@id":"https:\/\/indetgroup.com\/#\/schema\/logo\/image\/"},"sameAs":["https:\/\/www.facebook.com\/Indet-Group-104599739020019","https:\/\/www.linkedin.com\/company\/diseo-e-impresin-indet\/","https:\/\/www.instagram.com\/indetgroup\/","https:\/\/www.pinterest.es\/indetbcn\/_created\/"]},{"@type":"Person","@id":"https:\/\/indetgroup.com\/#\/schema\/person\/17a04ad5969aeb25c6df7d842624f6da","name":"dev1@limbic.cat","image":{"@type":"ImageObject","inLanguage":"tr","@id":"https:\/\/secure.gravatar.com\/avatar\/d6d148f4a35fc3af4b4f98eb87ceeca8cf164fae99f5e1199f141e38ee120b90?s=96&d=mm&r=g","url":"https:\/\/secure.gravatar.com\/avatar\/d6d148f4a35fc3af4b4f98eb87ceeca8cf164fae99f5e1199f141e38ee120b90?s=96&d=mm&r=g","contentUrl":"https:\/\/secure.gravatar.com\/avatar\/d6d148f4a35fc3af4b4f98eb87ceeca8cf164fae99f5e1199f141e38ee120b90?s=96&d=mm&r=g","caption":"dev1@limbic.cat"},"url":"https:\/\/indetgroup.com\/tr\/author\/dev1limbic-cat"}]}},"_links":{"self":[{"href":"https:\/\/indetgroup.com\/tr\/wp-json\/wp\/v2\/pages\/9492","targetHints":{"allow":["GET"]}}],"collection":[{"href":"https:\/\/indetgroup.com\/tr\/wp-json\/wp\/v2\/pages"}],"about":[{"href":"https:\/\/indetgroup.com\/tr\/wp-json\/wp\/v2\/types\/page"}],"author":[{"embeddable":true,"href":"https:\/\/indetgroup.com\/tr\/wp-json\/wp\/v2\/users\/2"}],"replies":[{"embeddable":true,"href":"https:\/\/indetgroup.com\/tr\/wp-json\/wp\/v2\/comments?post=9492"}],"version-history":[{"count":1,"href":"https:\/\/indetgroup.com\/tr\/wp-json\/wp\/v2\/pages\/9492\/revisions"}],"predecessor-version":[{"id":9493,"href":"https:\/\/indetgroup.com\/tr\/wp-json\/wp\/v2\/pages\/9492\/revisions\/9493"}],"wp:attachment":[{"href":"https:\/\/indetgroup.com\/tr\/wp-json\/wp\/v2\/media?parent=9492"}],"curies":[{"name":"wp","href":"https:\/\/api.w.org\/{rel}","templated":true}]}}